{"id":3,"date":"2026-01-07T11:18:37","date_gmt":"2026-01-07T11:18:37","guid":{"rendered":"http:\/\/www.toptancim.com.tr\/?page_id=3"},"modified":"2026-01-14T23:32:27","modified_gmt":"2026-01-14T23:32:27","slug":"privacy-policy","status":"publish","type":"page","link":"http:\/\/www.toptancim.com.tr\/index.php\/privacy-policy\/","title":{"rendered":"Privacy Policy"},"content":{"rendered":"\t\t<div data-elementor-type=\"wp-page\" data-elementor-id=\"3\" class=\"elementor elementor-3\" data-elementor-post-type=\"page\">\n\t\t\t\t<div class=\"elementor-element elementor-element-238d1dfb e-flex e-con-boxed e-con e-parent\" data-id=\"238d1dfb\" data-element_type=\"container\" data-e-type=\"container\">\n\t\t\t\t\t<div class=\"e-con-inner\">\n\t\t\t\t<div class=\"elementor-element elementor-element-6caba965 elementor-widget elementor-widget-text-editor\" data-id=\"6caba965\" data-element_type=\"widget\" data-e-type=\"widget\" data-widget_type=\"text-editor.default\">\n\t\t\t\t\t\t\t\t\t\n<p data-path-to-node=\"0\">\u00a0 \u00a0 \u00a0 \u00a0 \u00a0 \u00a0 \u00a0 \u00a0 \u00a0 \u00a0 \u00a0 \u00a0 \u00a0 \u00a0 \u00a0 \u00a0 \u00a0 \u00a0 \u00a0 \u00a0 \u00a0 \u00a0 \u00a0 \u00a0 \u00a0 \u00a0 \u00a0 \u00a0 \u00a0 \u00a0 \u00a0 \u00a0 \u00a0 \u00a0 \u00a0 \u00a0 \u00a0 \u00a0 \u00a0 \u00a0 \u00a0 \u00a0 \u00a0 \u00a0 \u00a0 \u00a0 \u00a0 \u00a0 \u00a0 \u00a0 \u00a0 \u00a0 \u00a0 \u00a0 \u00a0 \u00a0 \u00a0 \u00a0 \u00a0 \u00a0 \u00a0 <strong>Gizlilik ve G\u00fcvenlik<\/strong><\/p>\n<p data-path-to-node=\"1\">Bundan b\u00f6yle \u201ctoptancim.com.tr\u201d olarak an\u0131lacak toptancim.com.tr, web sitesini ziyaret edenlerin gizlili\u011fini korumay\u0131 ilke olarak benimsemi\u015ftir. Bu nedenle, i\u015fbu gizlilik beyan\u0131 (\u201cGizlilik Beyan\u0131\u201d), web sitemizi kullan\u0131rken kullan\u0131c\u0131lara ili\u015fkin ne t\u00fcr bilgilerin toptancim.com.tr taraf\u0131ndan al\u0131nd\u0131\u011f\u0131n\u0131, bunlar\u0131n nas\u0131l kullan\u0131ld\u0131\u011f\u0131n\u0131 ve korundu\u011funu a\u00e7\u0131klamaktad\u0131r. Ayr\u0131ca i\u015fbu Gizlilik Beyan\u0131 \u00e7er\u00e7evesinde bu bilgilerin do\u011frulu\u011funun sizin taraf\u0131n\u0131zdan nas\u0131l denetlenebilece\u011fi ve istedi\u011finizde toptancim.com.tr\u00b4a ba\u015fvurarak bu bilgilerin silinmesini nas\u0131l sa\u011flayabilece\u011finiz belirtilmektedir. S\u00f6z konusu bilgilerin, mevcut ve ge\u00e7erli olan veri koruma d\u00fczenlemelerine uygun olarak i\u015flenmesi ve kullan\u0131lmas\u0131 i\u00e7in gerekli olan her t\u00fcrl\u00fc i\u015flem toptancim.com.tr taraf\u0131ndan yerine getirilecektir. \u0130\u015fbu Gizlilik Beyan\u0131, toptancim.com.tr sitesinden link verilmi\u015f ba\u015fka siteler (hyperlinked web siteleri) i\u00e7in ge\u00e7erli de\u011fildir.<\/p>\n<p data-path-to-node=\"2\"><b data-path-to-node=\"2\" data-index-in-node=\"0\">Ki\u015fisel bilgilerin toplanmas\u0131, kullan\u0131m\u0131 ve i\u015flenmesi<\/b> Belirli bir ki\u015fiye ait kullan\u0131lacak ve i\u015flenecek bilgiler, yaln\u0131zca bu ki\u015finin kendi istemiyle veri girmesi ya da bu hususta a\u00e7\u0131k\u00e7a muvafakat vermesi halinde m\u00fcmk\u00fcnd\u00fcr. Veri girilmesi veya bu hususta a\u00e7\u0131k\u00e7a muvafakat verilmesi, ki\u015finin a\u015fa\u011f\u0131da belirtilen \u015fartlar ile mutab\u0131k oldu\u011funun g\u00f6stergesidir. Sitemizi ziyaret etti\u011finizde, sistem y\u00f6netimi, istatistik ve \u201cback up\u201d uygulamalar\u0131n\u0131n gerektirdi\u011fi baz\u0131 bilgiler sunucular\u0131m\u0131zda otomatik olarak depolanacakt\u0131r. Bu verilerin aras\u0131nda Internet servis sa\u011flay\u0131c\u0131n\u0131z\u0131n ismi, baz\u0131 durumlarda IP adresiniz, web gezgini yaz\u0131l\u0131m\u0131n\u0131z\u0131n versiyonu, eri\u015fim sa\u011flanan bilgisayar\u0131n i\u015fletim sistemi, bize y\u00f6nlendiren web sitesi, sitemizdeyken ziyaret etti\u011finiz di\u011fer siteler ve sitemizi bulmak i\u00e7in kulland\u0131\u011f\u0131n\u0131z arama s\u00f6zc\u00fckleri bulunmaktad\u0131r. Duruma ba\u011fl\u0131 olarak bu t\u00fcr veriler, site ziyaret\u00e7isi hakk\u0131nda baz\u0131 sonu\u00e7lar \u00e7\u0131kar\u0131lmas\u0131n\u0131 sa\u011flar. Ancak hi\u00e7bir ki\u015fisel bilgi bu \u00e7er\u00e7evede kullan\u0131lmayacakt\u0131r. Bu t\u00fcr ki\u015fiye \u00f6zel veriler sadece anonimle\u015ftirilerek kullan\u0131labilir. toptancim.com.tr\u00b4un bu verileri d\u0131\u015far\u0131dan bir hizmet sa\u011flay\u0131c\u0131s\u0131na y\u00f6nlendirmesi durumunda, verilerin, veri g\u00fcvenli\u011fine ili\u015fkin mevcut yasal d\u00fczenlemeler \u00e7er\u00e7evesinde aktar\u0131lmas\u0131 i\u00e7in gerekli teknik ve organizasyonel i\u015flemler ger\u00e7ekle\u015ftirilecektir. Kendi iste\u011finizle ki\u015fisel bilgilerinizin verilmesi halinde, toptancim.com.tr, bu bilgileri yasada \u00f6ng\u00f6r\u00fclen veya ziyaret\u00e7inin muvafakat beyannamesinde belirtilen s\u0131n\u0131rlamalar dahilinde kullanaca\u011f\u0131n\u0131, i\u015fleme tabi tutulaca\u011f\u0131n\u0131 veya aktar\u0131laca\u011f\u0131n\u0131 taahh\u00fct eder. S\u00f6z konusu ki\u015fisel bilgilerinin \u00fc\u00e7\u00fcnc\u00fc ki\u015filere aktar\u0131m\u0131, sadece adli ya da idari mercilerce icbar edilmesi ya da a\u00e7\u0131klama yap\u0131lmas\u0131 gereksiniminin mevzuatca \u00f6ng\u00f6r\u00fclmesi halinde s\u00f6z konusu olacakt\u0131r. \u0130\u015fbu Gizlilik Beyan\u0131\u00b4na ili\u015fkin olas\u0131 de\u011fi\u015fiklikler bu sayfada yay\u0131mlanacakt\u0131r. Bu \u00e7er\u00e7evede, size ait hangi bilgilerin sakland\u0131\u011f\u0131na ve bu bilgilerin nas\u0131l kullan\u0131ld\u0131\u011f\u0131na dair g\u00fcncel olarak haberdar edilmeniz sa\u011flanacakt\u0131r.<\/p>\n<p data-path-to-node=\"3\"><b data-path-to-node=\"3\" data-index-in-node=\"0\">G\u00fcvenlik<\/b> toptancim.com.tr, size ait bilgileri g\u00fcvenli bi\u00e7imde saklamaktad\u0131r; dolay\u0131s\u0131yla s\u00f6z konusu bilgilerin herhangi bir kay\u0131ba, suistimale ya da de\u011fi\u015fikli\u011fe kar\u015f\u0131 korunmas\u0131 i\u00e7in gerekli t\u00fcm \u00f6nlemleri almaktad\u0131r. toptancim.com.tr\u00b4n\u0131n, gerekli hizmeti size ula\u015ft\u0131rmak i\u00e7in bilgilerinize eri\u015fimi olan s\u00f6zle\u015fmesel ortaklar\u0131, s\u00f6zle\u015fmesel y\u00fck\u00fcml\u00fcl\u00fckleri \u00e7er\u00e7evesinde bu bilgileri gizli tutmak ve ba\u015fka hi\u00e7bir ama\u00e7la kullanmamakla y\u00fck\u00fcml\u00fcd\u00fcr. Baz\u0131 durumlarda ki\u015fisel bilgilerinizin toptancim.com.tr ile payla\u015f\u0131lmas\u0131 gerekecektir. Bu durumlarda da bilgileriniz gizli adledilecektir.<\/p>\n<p data-path-to-node=\"4\"><b data-path-to-node=\"4\" data-index-in-node=\"0\">\u00c7erez (\u201dCookie\u201dler)<\/b> toptancim.com.tr, \u201ccookie\u201d i\u00e7erisinde size g\u00f6nderilmi\u015f olan orijinal bilgiler haricinde, i\u015fbu web sitesinin kullan\u0131m\u0131n\u0131 kolayla\u015ft\u0131rmak amac\u0131yla \u201ccookie\u201dler kullanmaktad\u0131r. B\u00f6ylece, web sitemize d\u00f6nd\u00fc\u011f\u00fcn\u00fcz zaman size daha iyi hizmet verebilmemiz m\u00fcmk\u00fcn olmaktad\u0131r. \u201cCookie\u201dler, web sayfalar\u0131n\u0131n devaml\u0131 kullan\u0131c\u0131lar\u0131 tan\u0131mas\u0131na ve kullan\u0131c\u0131lar\u0131n siteye giri\u015flerini kolayla\u015ft\u0131rmas\u0131na imkan sa\u011flamak ve sitelerin i\u00e7eriklerini iyile\u015ftirmek ve geli\u015ftirmek amac\u0131yla toplu verileri toplamas\u0131na ve derlemesine imkan vermek amac\u0131yla kullan\u0131c\u0131lar\u0131n bilgisayar\u0131na yollanan ve orada saklanan k\u00fc\u00e7\u00fck metin dosyalar\u0131d\u0131r. \u201cCookie\u201dler, sizin ihtiya\u00e7 ve \u00e7\u0131karlar\u0131n\u0131za uygun ve \u00f6zg\u00fcn hizmet veya bilgileri size vermek amac\u0131yla kullan\u0131lmaktad\u0131r. \u201cCookie\u201dlerde mevcut bulunan oturum denetim bilgisi, web sitemizi kullanman\u0131z\u0131 daha kolay ve daha h\u0131zl\u0131 hale getirece\u011fi gibi web deneyiminizi en iyi ko\u015fullarla ya\u015fayabilmenizi sa\u011flayacakt\u0131r. Sitemizdeki Cookie\u00b4ler ki\u015fisel bilgileri saklamaz ve if\u015fa etmez. Cookie\u2019ler vas\u0131tas\u0131 ile aktar\u0131lan bilgiler, herhangi bir promosyon veya pazarlama amac\u0131 i\u00e7in kullan\u0131lmamaktad\u0131r. toptancim.com.tr web sayfalar\u0131 cookie\u2019ler arac\u0131l\u0131\u011f\u0131yla sitemizin kullan\u0131\u015fl\u0131l\u0131\u011f\u0131n\u0131 ve etkinli\u011fini iyile\u015ftirmek i\u00e7in kullan\u0131m \u015fekillerini izlemektedir. Ancak, bu bilgiler kesinlikle hi\u00e7bir \u015fekilde \u00fc\u00e7\u00fcnc\u00fc \u015fah\u0131slara sat\u0131lmaz veya onlarla payla\u015f\u0131lmaz. Kullanmakta oldu\u011funuz internet taray\u0131c\u0131n\u0131zda gerekli ayarlamalar\u0131 yaparak daha \u00f6nceden y\u00fcklenmi\u015f Cookie\u00b4leri silebilece\u011finiz gibi ileride y\u00fcklenecek Cookie\u00b4leri de engelleyebilir yada y\u00fcklenmeleri esnas\u0131nda taray\u0131c\u0131n\u0131z\u0131n sizi uyarmas\u0131n\u0131 sa\u011flayabilirsiniz (Browser bar \u201cTools\/Ara\u00e7lar\u201d-\u201dInternet options\/Internet Ayarlar\u0131\u201d). Ancak, s\u00f6z konusu Cookie\u00b4lerin web sitemizin d\u00fczg\u00fcn \u00e7al\u0131\u015fmas\u0131 ve belli fonksiyonlar\u0131n\u0131 yerine getirebilmesi i\u00e7in gerekli olabilece\u011fini vurgulamak isteriz. Bu siteyi kullanmakla, i\u015f bu toptancim.com.tr Gizlilik Beyan\u0131\u00b4yla ba\u011fl\u0131 olaca\u011f\u0131n\u0131z\u0131 kabul etmektesiniz. toptancim.com.tr\u00b4un Gizlilik Beyan\u0131 kabul etmiyorsan\u0131z, l\u00fctfen sitemizi kullanmay\u0131n\u0131z. toptancim.com.tr, i\u015fbu Gizlilik Beyan\u0131\u00b4n\u0131, kendi iradesiyle de\u011fi\u015ftirme, baz\u0131 b\u00f6l\u00fcmlerini \u00e7\u0131karma veya yeni b\u00f6l\u00fcmler ekleme hakk\u0131n\u0131 her zaman sakl\u0131 tutar. \u0130\u015fbu Gizlilik Beyan\u0131 \u00fczerinde yap\u0131lan de\u011fi\u015fikliklerden sonra web sayfas\u0131n\u0131n kullan\u0131m\u0131na taraf\u0131n\u0131zca devam edilmesi, bu Gizlilik Beyan\u0131\u00b4ndaki de\u011fi\u015fiklikleri kabul etti\u011finizin taahh\u00fcd\u00fcd\u00fcr.<\/p>\t\t\t\t\t\t\t\t<\/div>\n\t\t\t\t\t<\/div>\n\t\t\t\t<\/div>\n\t\t\t\t<\/div>\n\t\t","protected":false},"excerpt":{"rendered":"<p>\u00a0 \u00a0 \u00a0 \u00a0 \u00a0 \u00a0 \u00a0 \u00a0 \u00a0 \u00a0 \u00a0 \u00a0 \u00a0 \u00a0 \u00a0 \u00a0 \u00a0 \u00a0 \u00a0 \u00a0 \u00a0 \u00a0 \u00a0 \u00a0 \u00a0 \u00a0 \u00a0 \u00a0 \u00a0 \u00a0 [&hellip;]<\/p>\n","protected":false},"author":1,"featured_media":0,"parent":0,"menu_order":0,"comment_status":"closed","ping_status":"open","template":"","meta":{"footnotes":""},"class_list":["post-3","page","type-page","status-publish","hentry"],"_links":{"self":[{"href":"http:\/\/www.toptancim.com.tr\/index.php\/wp-json\/wp\/v2\/pages\/3","targetHints":{"allow":["GET"]}}],"collection":[{"href":"http:\/\/www.toptancim.com.tr\/index.php\/wp-json\/wp\/v2\/pages"}],"about":[{"href":"http:\/\/www.toptancim.com.tr\/index.php\/wp-json\/wp\/v2\/types\/page"}],"author":[{"embeddable":true,"href":"http:\/\/www.toptancim.com.tr\/index.php\/wp-json\/wp\/v2\/users\/1"}],"replies":[{"embeddable":true,"href":"http:\/\/www.toptancim.com.tr\/index.php\/wp-json\/wp\/v2\/comments?post=3"}],"version-history":[{"count":3,"href":"http:\/\/www.toptancim.com.tr\/index.php\/wp-json\/wp\/v2\/pages\/3\/revisions"}],"predecessor-version":[{"id":537,"href":"http:\/\/www.toptancim.com.tr\/index.php\/wp-json\/wp\/v2\/pages\/3\/revisions\/537"}],"wp:attachment":[{"href":"http:\/\/www.toptancim.com.tr\/index.php\/wp-json\/wp\/v2\/media?parent=3"}],"curies":[{"name":"wp","href":"https:\/\/api.w.org\/{rel}","templated":true}]}}