{"id":390,"date":"2022-10-19T13:30:27","date_gmt":"2022-10-19T13:30:27","guid":{"rendered":"https:\/\/demo.athemes.com\/botiga-beauty-el\/?page_id=14"},"modified":"2026-01-14T12:15:43","modified_gmt":"2026-01-14T12:15:43","slug":"home","status":"publish","type":"page","link":"http:\/\/www.toptancim.com.tr\/","title":{"rendered":"Home"},"content":{"rendered":"\t\t<div data-elementor-type=\"wp-page\" data-elementor-id=\"390\" class=\"elementor elementor-390\" data-elementor-post-type=\"page\">\n\t\t\t\t<div class=\"elementor-element elementor-element-08f1bfd e-flex e-con-boxed e-con e-parent\" data-id=\"08f1bfd\" data-element_type=\"container\" data-e-type=\"container\">\n\t\t\t\t\t<div class=\"e-con-inner\">\n\t\t\t\t<div class=\"elementor-element elementor-element-23f656f elementor-widget elementor-widget-image\" data-id=\"23f656f\" data-element_type=\"widget\" data-e-type=\"widget\" data-widget_type=\"image.default\">\n\t\t\t\t\t\t\t\t\t\t\t\t\t\t\t\t<a href=\"http:\/\/www.toptancim.com.tr\/index.php\/shop\/\" target=\"_blank\">\n\t\t\t\t\t\t\t<img fetchpriority=\"high\" decoding=\"async\" width=\"1920\" height=\"1080\" src=\"https:\/\/www.toptancim.com.tr\/wp-content\/uploads\/2026\/01\/banner_1920x1080_final.png\" class=\"attachment-full size-full wp-image-444\" alt=\"\" srcset=\"https:\/\/www.toptancim.com.tr\/wp-content\/uploads\/2026\/01\/banner_1920x1080_final.png 1920w, https:\/\/www.toptancim.com.tr\/wp-content\/uploads\/2026\/01\/banner_1920x1080_final-420x236.png 420w, https:\/\/www.toptancim.com.tr\/wp-content\/uploads\/2026\/01\/banner_1920x1080_final-800x450.png 800w, https:\/\/www.toptancim.com.tr\/wp-content\/uploads\/2026\/01\/banner_1920x1080_final-300x169.png 300w, https:\/\/www.toptancim.com.tr\/wp-content\/uploads\/2026\/01\/banner_1920x1080_final-1024x576.png 1024w, https:\/\/www.toptancim.com.tr\/wp-content\/uploads\/2026\/01\/banner_1920x1080_final-768x432.png 768w, https:\/\/www.toptancim.com.tr\/wp-content\/uploads\/2026\/01\/banner_1920x1080_final-1536x864.png 1536w, https:\/\/www.toptancim.com.tr\/wp-content\/uploads\/2026\/01\/banner_1920x1080_final-1140x641.png 1140w, https:\/\/www.toptancim.com.tr\/wp-content\/uploads\/2026\/01\/banner_1920x1080_final-920x518.png 920w, https:\/\/www.toptancim.com.tr\/wp-content\/uploads\/2026\/01\/banner_1920x1080_final-575x323.png 575w, https:\/\/www.toptancim.com.tr\/wp-content\/uploads\/2026\/01\/banner_1920x1080_final-380x214.png 380w, https:\/\/www.toptancim.com.tr\/wp-content\/uploads\/2026\/01\/banner_1920x1080_final-80x45.png 80w\" sizes=\"(max-width: 1920px) 100vw, 1920px\" \/>\t\t\t\t\t\t\t\t<\/a>\n\t\t\t\t\t\t\t\t\t\t\t\t\t\t\t<\/div>\n\t\t\t\t\t<\/div>\n\t\t\t\t<\/div>\n\t\t<div class=\"elementor-element elementor-element-fdcf46e e-flex e-con-boxed e-con e-parent\" data-id=\"fdcf46e\" data-element_type=\"container\" data-e-type=\"container\">\n\t\t\t\t\t<div class=\"e-con-inner\">\n\t\t\t\t<div class=\"elementor-element elementor-element-2f73ec2 elementor-grid-4 elementor-grid-tablet-3 elementor-grid-mobile-2 elementor-products-grid elementor-wc-products elementor-widget elementor-widget-woocommerce-products\" data-id=\"2f73ec2\" data-element_type=\"widget\" data-e-type=\"widget\" data-widget_type=\"woocommerce-products.default\">\n\t\t\t\t<div class=\"elementor-widget-container\">\n\t\t\t\t\t<div class=\"woocommerce columns-4 product-grid\"><ul class=\"products elementor-grid columns-4\">\n<li class=\"product type-product post-97 status-publish first instock product_cat-urunler has-post-thumbnail sale taxable shipping-taxable purchasable product-type-simple has-gallery-images\">\n\t<a href=\"http:\/\/www.toptancim.com.tr\/index.php\/urun\/eternal-sunset-collection-lip-and-cheek-set-with-jojoba-oil\/\" class=\"woocommerce-LoopProduct-link woocommerce-loop-product__link\">\n\t<span class=\"onsale\">Sale!<\/span>\n\t<img decoding=\"async\" width=\"420\" height=\"560\" src=\"http:\/\/www.toptancim.com.tr\/wp-content\/uploads\/2021\/07\/110001196249236-420x560.jpg\" class=\"attachment-woocommerce_thumbnail size-woocommerce_thumbnail\" alt=\"\u0130sonem JEL BETON\" srcset=\"http:\/\/www.toptancim.com.tr\/wp-content\/uploads\/2021\/07\/110001196249236-420x560.jpg 420w, http:\/\/www.toptancim.com.tr\/wp-content\/uploads\/2021\/07\/110001196249236-800x1067.jpg 800w, http:\/\/www.toptancim.com.tr\/wp-content\/uploads\/2021\/07\/110001196249236-225x300.jpg 225w, http:\/\/www.toptancim.com.tr\/wp-content\/uploads\/2021\/07\/110001196249236-768x1024.jpg 768w, http:\/\/www.toptancim.com.tr\/wp-content\/uploads\/2021\/07\/110001196249236-920x1227.jpg 920w, http:\/\/www.toptancim.com.tr\/wp-content\/uploads\/2021\/07\/110001196249236-575x767.jpg 575w, http:\/\/www.toptancim.com.tr\/wp-content\/uploads\/2021\/07\/110001196249236-380x507.jpg 380w, http:\/\/www.toptancim.com.tr\/wp-content\/uploads\/2021\/07\/110001196249236-75x100.jpg 75w, http:\/\/www.toptancim.com.tr\/wp-content\/uploads\/2021\/07\/110001196249236.jpg 960w\" sizes=\"(max-width: 420px) 100vw, 420px\" \/><h2 class=\"woocommerce-loop-product__title\">\u0130sonem JEL BETON<\/h2>\n\t<span class=\"price\"><del aria-hidden=\"true\"><span class=\"woocommerce-Price-amount amount\"><bdi><span class=\"woocommerce-Price-currencySymbol\">&#8378;<\/span>2.950,00<\/bdi><\/span><\/del> <span class=\"screen-reader-text\">Orijinal fiyat: &#8378;2.950,00.<\/span><ins aria-hidden=\"true\"><span class=\"woocommerce-Price-amount amount\"><bdi><span class=\"woocommerce-Price-currencySymbol\">&#8378;<\/span>2.250,00<\/bdi><\/span><\/ins><span class=\"screen-reader-text\">\u015eu andaki fiyat: &#8378;2.250,00.<\/span><\/span>\n<\/a><a title=\"Sepete ekle: \u201c\u0130sonem JEL BETON\u201d\" href=\"\/index.php\/wp-json\/wp\/v2\/pages\/390?add-to-cart=97\" aria-describedby=\"woocommerce_loop_add_to_cart_link_describedby_97\" data-quantity=\"1\" class=\"button product_type_simple add_to_cart_button ajax_add_to_cart\" data-product_id=\"97\" data-product_sku=\"\" aria-label=\"Sepete ekle: \u201c\u0130sonem JEL BETON\u201d\" rel=\"nofollow\" data-success_message=\"&quot;\u0130sonem JEL BETON&quot; sepetinize eklendi\" role=\"button\">Sepete Ekle<\/a>\t<span id=\"woocommerce_loop_add_to_cart_link_describedby_97\" class=\"screen-reader-text\">\n\t\t\t<\/span>\n<\/li>\n<li class=\"product type-product post-96 status-publish instock product_cat-urunler has-post-thumbnail sale taxable shipping-taxable purchasable product-type-simple has-gallery-images\">\n\t<a href=\"http:\/\/www.toptancim.com.tr\/index.php\/urun\/vinopure-pore-purifying-gel-cleanser-salicylic-acid-combination\/\" class=\"woocommerce-LoopProduct-link woocommerce-loop-product__link\">\n\t<span class=\"onsale\">Sale!<\/span>\n\t<img decoding=\"async\" width=\"420\" height=\"311\" src=\"http:\/\/www.toptancim.com.tr\/wp-content\/uploads\/2021\/07\/ekran-goruntusu-2024-12-25-124704-420x311.webp\" class=\"attachment-woocommerce_thumbnail size-woocommerce_thumbnail\" alt=\"Fawori Optimix \u0130nce Tane Dokulu Dekoratif Kaplama \u0130\u00e7 Mekan\" srcset=\"http:\/\/www.toptancim.com.tr\/wp-content\/uploads\/2021\/07\/ekran-goruntusu-2024-12-25-124704-420x311.webp 420w, http:\/\/www.toptancim.com.tr\/wp-content\/uploads\/2021\/07\/ekran-goruntusu-2024-12-25-124704-300x222.webp 300w, http:\/\/www.toptancim.com.tr\/wp-content\/uploads\/2021\/07\/ekran-goruntusu-2024-12-25-124704-768x568.webp 768w, http:\/\/www.toptancim.com.tr\/wp-content\/uploads\/2021\/07\/ekran-goruntusu-2024-12-25-124704-575x425.webp 575w, http:\/\/www.toptancim.com.tr\/wp-content\/uploads\/2021\/07\/ekran-goruntusu-2024-12-25-124704-380x281.webp 380w, http:\/\/www.toptancim.com.tr\/wp-content\/uploads\/2021\/07\/ekran-goruntusu-2024-12-25-124704-80x59.webp 80w, http:\/\/www.toptancim.com.tr\/wp-content\/uploads\/2021\/07\/ekran-goruntusu-2024-12-25-124704.webp 788w\" sizes=\"(max-width: 420px) 100vw, 420px\" \/><h2 class=\"woocommerce-loop-product__title\">Fawori Optimix \u0130nce Tane Dokulu Dekoratif Kaplama \u0130\u00e7 Mekan<\/h2>\n\t<span class=\"price\"><del aria-hidden=\"true\"><span class=\"woocommerce-Price-amount amount\"><bdi><span class=\"woocommerce-Price-currencySymbol\">&#8378;<\/span>1.650,00<\/bdi><\/span><\/del> <span class=\"screen-reader-text\">Orijinal fiyat: &#8378;1.650,00.<\/span><ins aria-hidden=\"true\"><span class=\"woocommerce-Price-amount amount\"><bdi><span class=\"woocommerce-Price-currencySymbol\">&#8378;<\/span>1.150,00<\/bdi><\/span><\/ins><span class=\"screen-reader-text\">\u015eu andaki fiyat: &#8378;1.150,00.<\/span><\/span>\n<\/a><a title=\"Sepete ekle: \u201cFawori Optimix \u0130nce Tane Dokulu Dekoratif Kaplama \u0130\u00e7 Mekan\u201d\" href=\"\/index.php\/wp-json\/wp\/v2\/pages\/390?add-to-cart=96\" aria-describedby=\"woocommerce_loop_add_to_cart_link_describedby_96\" data-quantity=\"1\" class=\"button product_type_simple add_to_cart_button ajax_add_to_cart\" data-product_id=\"96\" data-product_sku=\"\" aria-label=\"Sepete ekle: \u201cFawori Optimix \u0130nce Tane Dokulu Dekoratif Kaplama \u0130\u00e7 Mekan\u201d\" rel=\"nofollow\" data-success_message=\"&quot;Fawori Optimix \u0130nce Tane Dokulu Dekoratif Kaplama \u0130\u00e7 Mekan&quot; sepetinize eklendi\" role=\"button\">Sepete Ekle<\/a>\t<span id=\"woocommerce_loop_add_to_cart_link_describedby_96\" class=\"screen-reader-text\">\n\t\t\t<\/span>\n<\/li>\n<li class=\"product type-product post-95 status-publish instock product_cat-urunler has-post-thumbnail sale taxable shipping-taxable purchasable product-type-simple has-gallery-images\">\n\t<a href=\"http:\/\/www.toptancim.com.tr\/index.php\/urun\/deep-sweep-2-bha-pore-cleaning-toner-with-moringa\/\" class=\"woocommerce-LoopProduct-link woocommerce-loop-product__link\">\n\t<span class=\"onsale\">Sale!<\/span>\n\t<img loading=\"lazy\" decoding=\"async\" width=\"420\" height=\"420\" src=\"http:\/\/www.toptancim.com.tr\/wp-content\/uploads\/2021\/07\/dayson-extra-otomastik-280-ml-420x420.webp\" class=\"attachment-woocommerce_thumbnail size-woocommerce_thumbnail\" alt=\"Dayson Extra Otomastik 280 ML Koli (25 Adet) | Poli\u00fcretan Mastik\" srcset=\"http:\/\/www.toptancim.com.tr\/wp-content\/uploads\/2021\/07\/dayson-extra-otomastik-280-ml-420x420.webp 420w, http:\/\/www.toptancim.com.tr\/wp-content\/uploads\/2021\/07\/dayson-extra-otomastik-280-ml-100x100.webp 100w, http:\/\/www.toptancim.com.tr\/wp-content\/uploads\/2021\/07\/dayson-extra-otomastik-280-ml-300x300.webp 300w, http:\/\/www.toptancim.com.tr\/wp-content\/uploads\/2021\/07\/dayson-extra-otomastik-280-ml-150x150.webp 150w, http:\/\/www.toptancim.com.tr\/wp-content\/uploads\/2021\/07\/dayson-extra-otomastik-280-ml-380x380.webp 380w, http:\/\/www.toptancim.com.tr\/wp-content\/uploads\/2021\/07\/dayson-extra-otomastik-280-ml-80x80.webp 80w, http:\/\/www.toptancim.com.tr\/wp-content\/uploads\/2021\/07\/dayson-extra-otomastik-280-ml.webp 540w\" sizes=\"(max-width: 420px) 100vw, 420px\" \/><h2 class=\"woocommerce-loop-product__title\">Dayson Extra Otomastik 280 ML Koli (25 Adet) | Poli\u00fcretan Mastik<\/h2>\n\t<span class=\"price\"><del aria-hidden=\"true\"><span class=\"woocommerce-Price-amount amount\"><bdi><span class=\"woocommerce-Price-currencySymbol\">&#8378;<\/span>5.600,00<\/bdi><\/span><\/del> <span class=\"screen-reader-text\">Orijinal fiyat: &#8378;5.600,00.<\/span><ins aria-hidden=\"true\"><span class=\"woocommerce-Price-amount amount\"><bdi><span class=\"woocommerce-Price-currencySymbol\">&#8378;<\/span>4.450,00<\/bdi><\/span><\/ins><span class=\"screen-reader-text\">\u015eu andaki fiyat: &#8378;4.450,00.<\/span><\/span>\n<\/a><a title=\"Sepete ekle: \u201cDayson Extra Otomastik 280 ML Koli (25 Adet) | Poli\u00fcretan Mastik\u201d\" href=\"\/index.php\/wp-json\/wp\/v2\/pages\/390?add-to-cart=95\" aria-describedby=\"woocommerce_loop_add_to_cart_link_describedby_95\" data-quantity=\"1\" class=\"button product_type_simple add_to_cart_button ajax_add_to_cart\" data-product_id=\"95\" data-product_sku=\"\" aria-label=\"Sepete ekle: \u201cDayson Extra Otomastik 280 ML Koli (25 Adet) | Poli\u00fcretan Mastik\u201d\" rel=\"nofollow\" data-success_message=\"&quot;Dayson Extra Otomastik 280 ML Koli (25 Adet) | Poli\u00fcretan Mastik&quot; sepetinize eklendi\" role=\"button\">Sepete Ekle<\/a>\t<span id=\"woocommerce_loop_add_to_cart_link_describedby_95\" class=\"screen-reader-text\">\n\t\t\t<\/span>\n<\/li>\n<li class=\"product type-product post-94 status-publish last instock product_cat-urunler has-post-thumbnail sale taxable shipping-taxable purchasable product-type-simple\">\n\t<a href=\"http:\/\/www.toptancim.com.tr\/index.php\/urun\/ultra-facial-moisturizing-cream-with-squalane-combination\/\" class=\"woocommerce-LoopProduct-link woocommerce-loop-product__link\">\n\t<span class=\"onsale\">Sale!<\/span>\n\t<img loading=\"lazy\" decoding=\"async\" width=\"420\" height=\"315\" src=\"http:\/\/www.toptancim.com.tr\/wp-content\/uploads\/2021\/07\/8616161216581-1-420x315.webp\" class=\"attachment-woocommerce_thumbnail size-woocommerce_thumbnail\" alt=\"Fawori Optimix Tane Dokulu Dekoratif S\u0131va 1,5 mm 25 Kg Kaplama\" srcset=\"http:\/\/www.toptancim.com.tr\/wp-content\/uploads\/2021\/07\/8616161216581-1-420x315.webp 420w, http:\/\/www.toptancim.com.tr\/wp-content\/uploads\/2021\/07\/8616161216581-1-800x600.webp 800w, http:\/\/www.toptancim.com.tr\/wp-content\/uploads\/2021\/07\/8616161216581-1-300x225.webp 300w, http:\/\/www.toptancim.com.tr\/wp-content\/uploads\/2021\/07\/8616161216581-1-1024x768.webp 1024w, http:\/\/www.toptancim.com.tr\/wp-content\/uploads\/2021\/07\/8616161216581-1-768x576.webp 768w, http:\/\/www.toptancim.com.tr\/wp-content\/uploads\/2021\/07\/8616161216581-1-1140x855.webp 1140w, http:\/\/www.toptancim.com.tr\/wp-content\/uploads\/2021\/07\/8616161216581-1-920x690.webp 920w, http:\/\/www.toptancim.com.tr\/wp-content\/uploads\/2021\/07\/8616161216581-1-575x431.webp 575w, http:\/\/www.toptancim.com.tr\/wp-content\/uploads\/2021\/07\/8616161216581-1-380x285.webp 380w, http:\/\/www.toptancim.com.tr\/wp-content\/uploads\/2021\/07\/8616161216581-1-80x60.webp 80w, http:\/\/www.toptancim.com.tr\/wp-content\/uploads\/2021\/07\/8616161216581-1.webp 1200w\" sizes=\"(max-width: 420px) 100vw, 420px\" \/><h2 class=\"woocommerce-loop-product__title\">Fawori Optimix Tane Dokulu Dekoratif S\u0131va 1,5 mm 25 Kg Kaplama<\/h2>\n\t<span class=\"price\"><del aria-hidden=\"true\"><span class=\"woocommerce-Price-amount amount\"><bdi><span class=\"woocommerce-Price-currencySymbol\">&#8378;<\/span>425,00<\/bdi><\/span><\/del> <span class=\"screen-reader-text\">Orijinal fiyat: &#8378;425,00.<\/span><ins aria-hidden=\"true\"><span class=\"woocommerce-Price-amount amount\"><bdi><span class=\"woocommerce-Price-currencySymbol\">&#8378;<\/span>375,00<\/bdi><\/span><\/ins><span class=\"screen-reader-text\">\u015eu andaki fiyat: &#8378;375,00.<\/span><\/span>\n<\/a><a title=\"Sepete ekle: \u201cFawori Optimix Tane Dokulu Dekoratif S\u0131va 1,5 mm 25 Kg Kaplama\u201d\" href=\"\/index.php\/wp-json\/wp\/v2\/pages\/390?add-to-cart=94\" aria-describedby=\"woocommerce_loop_add_to_cart_link_describedby_94\" data-quantity=\"1\" class=\"button product_type_simple add_to_cart_button ajax_add_to_cart\" data-product_id=\"94\" data-product_sku=\"\" aria-label=\"Sepete ekle: \u201cFawori Optimix Tane Dokulu Dekoratif S\u0131va 1,5 mm 25 Kg Kaplama\u201d\" rel=\"nofollow\" data-success_message=\"&quot;Fawori Optimix Tane Dokulu Dekoratif S\u0131va 1,5 mm 25 Kg Kaplama&quot; sepetinize eklendi\" role=\"button\">Sepete Ekle<\/a>\t<span id=\"woocommerce_loop_add_to_cart_link_describedby_94\" class=\"screen-reader-text\">\n\t\t\t<\/span>\n<\/li>\n<li class=\"product type-product post-93 status-publish first instock product_cat-urunler has-post-thumbnail sale taxable shipping-taxable purchasable product-type-simple has-gallery-images\">\n\t<a href=\"http:\/\/www.toptancim.com.tr\/index.php\/urun\/watermelon-glow-hyaluronic-clay-pore-tight-facial-mask\/\" class=\"woocommerce-LoopProduct-link woocommerce-loop-product__link\">\n\t<span class=\"onsale\">Sale!<\/span>\n\t<img loading=\"lazy\" decoding=\"async\" width=\"420\" height=\"560\" src=\"http:\/\/www.toptancim.com.tr\/wp-content\/uploads\/2021\/07\/110001182131565-420x560.jpg\" class=\"attachment-woocommerce_thumbnail size-woocommerce_thumbnail\" alt=\"Scheppach Mini Ekskavat\u00f6r EXC815\" srcset=\"http:\/\/www.toptancim.com.tr\/wp-content\/uploads\/2021\/07\/110001182131565-420x560.jpg 420w, http:\/\/www.toptancim.com.tr\/wp-content\/uploads\/2021\/07\/110001182131565-800x1067.jpg 800w, http:\/\/www.toptancim.com.tr\/wp-content\/uploads\/2021\/07\/110001182131565-225x300.jpg 225w, http:\/\/www.toptancim.com.tr\/wp-content\/uploads\/2021\/07\/110001182131565-768x1024.jpg 768w, http:\/\/www.toptancim.com.tr\/wp-content\/uploads\/2021\/07\/110001182131565-920x1227.jpg 920w, http:\/\/www.toptancim.com.tr\/wp-content\/uploads\/2021\/07\/110001182131565-575x767.jpg 575w, http:\/\/www.toptancim.com.tr\/wp-content\/uploads\/2021\/07\/110001182131565-380x507.jpg 380w, http:\/\/www.toptancim.com.tr\/wp-content\/uploads\/2021\/07\/110001182131565-75x100.jpg 75w, http:\/\/www.toptancim.com.tr\/wp-content\/uploads\/2021\/07\/110001182131565.jpg 960w\" sizes=\"(max-width: 420px) 100vw, 420px\" \/><h2 class=\"woocommerce-loop-product__title\">Scheppach Mini Ekskavat\u00f6r EXC815<\/h2>\n\t<span class=\"price\"><del aria-hidden=\"true\"><span class=\"woocommerce-Price-amount amount\"><bdi><span class=\"woocommerce-Price-currencySymbol\">&#8378;<\/span>335.999,00<\/bdi><\/span><\/del> <span class=\"screen-reader-text\">Orijinal fiyat: &#8378;335.999,00.<\/span><ins aria-hidden=\"true\"><span class=\"woocommerce-Price-amount amount\"><bdi><span class=\"woocommerce-Price-currencySymbol\">&#8378;<\/span>324.999,00<\/bdi><\/span><\/ins><span class=\"screen-reader-text\">\u015eu andaki fiyat: &#8378;324.999,00.<\/span><\/span>\n<\/a><a title=\"Sepete ekle: \u201cScheppach Mini Ekskavat\u00f6r EXC815\u201d\" href=\"\/index.php\/wp-json\/wp\/v2\/pages\/390?add-to-cart=93\" aria-describedby=\"woocommerce_loop_add_to_cart_link_describedby_93\" data-quantity=\"1\" class=\"button product_type_simple add_to_cart_button ajax_add_to_cart\" data-product_id=\"93\" data-product_sku=\"\" aria-label=\"Sepete ekle: \u201cScheppach Mini Ekskavat\u00f6r EXC815\u201d\" rel=\"nofollow\" data-success_message=\"&quot;Scheppach Mini Ekskavat\u00f6r EXC815&quot; sepetinize eklendi\" role=\"button\">Sepete Ekle<\/a>\t<span id=\"woocommerce_loop_add_to_cart_link_describedby_93\" class=\"screen-reader-text\">\n\t\t\t<\/span>\n<\/li>\n<\/ul>\n<\/div>\t\t\t\t<\/div>\n\t\t\t\t<\/div>\n\t\t\t\t\t<\/div>\n\t\t\t\t<\/div>\n\t\t\t\t<\/div>\n\t\t","protected":false},"excerpt":{"rendered":"","protected":false},"author":1,"featured_media":0,"parent":0,"menu_order":0,"comment_status":"closed","ping_status":"closed","template":"elementor_header_footer","meta":{"footnotes":""},"class_list":["post-390","page","type-page","status-publish","hentry"],"_links":{"self":[{"href":"http:\/\/www.toptancim.com.tr\/index.php\/wp-json\/wp\/v2\/pages\/390","targetHints":{"allow":["GET"]}}],"collection":[{"href":"http:\/\/www.toptancim.com.tr\/index.php\/wp-json\/wp\/v2\/pages"}],"about":[{"href":"http:\/\/www.toptancim.com.tr\/index.php\/wp-json\/wp\/v2\/types\/page"}],"author":[{"embeddable":true,"href":"http:\/\/www.toptancim.com.tr\/index.php\/wp-json\/wp\/v2\/users\/1"}],"replies":[{"embeddable":true,"href":"http:\/\/www.toptancim.com.tr\/index.php\/wp-json\/wp\/v2\/comments?post=390"}],"version-history":[{"count":18,"href":"http:\/\/www.toptancim.com.tr\/index.php\/wp-json\/wp\/v2\/pages\/390\/revisions"}],"predecessor-version":[{"id":500,"href":"http:\/\/www.toptancim.com.tr\/index.php\/wp-json\/wp\/v2\/pages\/390\/revisions\/500"}],"wp:attachment":[{"href":"http:\/\/www.toptancim.com.tr\/index.php\/wp-json\/wp\/v2\/media?parent=390"}],"curies":[{"name":"wp","href":"https:\/\/api.w.org\/{rel}","templated":true}]}}