{"id":97,"date":"2021-07-18T08:41:13","date_gmt":"2021-07-18T08:41:13","guid":{"rendered":"https:\/\/demo.athemes.com\/botiga\/?post_type=product&#038;p=97"},"modified":"2026-01-07T19:09:34","modified_gmt":"2026-01-07T19:09:34","slug":"eternal-sunset-collection-lip-and-cheek-set-with-jojoba-oil","status":"publish","type":"product","link":"http:\/\/www.toptancim.com.tr\/index.php\/urun\/eternal-sunset-collection-lip-and-cheek-set-with-jojoba-oil\/","title":{"rendered":"\u0130sonem JEL BETON"},"content":{"rendered":"<p style=\"font-weight: 400;\"><b>\u00c7imento Esasl\u0131 Kendili\u011finden Yay\u0131lan Renkli JelBeton<\/b><\/p>\n<p style=\"font-weight: 400;\">1 &#8211; 10 mm aras\u0131 kal\u0131nl\u0131kta uygulanabilen, \u00e7atlama ve b\u00fcz\u00fclmelere kar\u015f\u0131 diren\u00e7li, polimer modifiyeli, renkli, uv dayan\u0131ml\u0131, \u00e7imento esasl\u0131 renkli veya beton g\u00f6r\u00fcn\u00fcml\u00fc y\u00fczey kaplama \u00fcr\u00fcn\u00fcd\u00fcr.<\/p>\n<ul style=\"font-weight: 400;\">\n<li>\u00a0 \u00a0 \u00a0 \u00a0\u00a0\u00c7atlama ve b\u00fcz\u00fclmelere kar\u015f\u0131 dayan\u0131kl\u0131d\u0131r.<\/li>\n<\/ul>\n<ul style=\"font-weight: 400;\">\n<li>\u00a0 \u00a0 \u00a0 \u00a0\u00a0Kendili\u011finden yay\u0131larak teraziye gelir.<\/li>\n<\/ul>\n<ul style=\"font-weight: 400;\">\n<li>\u00a0 \u00a0 \u00a0 \u00a0\u00a0Uyguland\u0131\u011f\u0131 y\u00fczeye aderans\u0131 y\u00fcksektir.<\/li>\n<\/ul>\n<ul>\n<li style=\"font-weight: 400;\">Orta ve yo\u011fun yaya trafi\u011fine maruz zeminlerde kullan\u0131l\u0131r.<\/li>\n<li style=\"font-weight: 400;\">\u0130\u00e7 mekanlar\u0131n 1 ile 10 mm aras\u0131 bozuk zeminlerinde kendili\u011finden yay\u0131lmal\u0131 kaplama olarak kullan\u0131l\u0131r.<\/li>\n<li style=\"font-weight: 400;\">Beton, seramik, mermer, eski ve yeni zemin y\u00fczeylere uygulama yap\u0131labilir.<\/li>\n<\/ul>\n<p style=\"font-weight: 400;\"><b><strong>Y\u00fczey haz\u0131rl\u0131\u011f\u0131:<\/strong><\/b>\u00a0Y\u00fczeyin sa\u011flam, ta\u015f\u0131y\u0131c\u0131, tozsuz ve temiz olmas\u0131na dikkat edilmelidir. Aderans\u0131 zay\u0131flatacak her t\u00fcrl\u00fc ya\u011f, gres, pas ve parafin kal\u0131nt\u0131lar\u0131 temizlenmeli gev\u015fek par\u00e7a olmamal\u0131d\u0131r. Y\u00fczeyde bulunan bozukluklar tamir edilmelidir. Uygulama yap\u0131lacak alanda hava ak\u0131m\u0131 \u00f6nlenmelidir. B\u00fcy\u00fck alanlarda, kot fark\u0131n\u0131n ortaya \u00e7\u0131kmamas\u0131 i\u00e7in karolaj yap\u0131lmal\u0131 ve uygulama kotlar\u0131 belirlenmelidir. ISONEM JELBETON i\u015fleme s\u00fcresini uzatmak, uygulama zeminine y\u00fcksek aderans sa\u011flamak;\u00a0olu\u015fmas\u0131 m\u00fcmk\u00fcn hava kabarc\u0131klar\u0131n\u0131 en az d\u00fczeye indirmek amac\u0131 ile y\u00fczey ISONEM D 10 LATEX ile astarlanmal\u0131d\u0131r. ISONEM D 10 LATEX y\u00fczeye inceltilmeden 200 mL\/m\u00b2\u00a0olacak \u015fekilde f\u0131r\u00e7ayla s\u00fcr\u00fcl\u00fcr. S\u00fcr\u00fcld\u00fckten hemen sonra ya\u015fken ve y\u00fczey hafif yap\u0131\u015fkanken en ge\u00e7 30-40 dakika i\u00e7erisinde ISONEM JELBETON uygulamaya ge\u00e7ilmelidir. 48 saat sonra kullan\u0131m amac\u0131na g\u00f6re Leke, Kir, Ya\u011f, Su tutmamas\u0131 i\u00e7in y\u00fczeye son kat ISONEM LIQUID GLASS \u00f6nerilir. Koruyucu son kat olarak f\u0131r\u00e7a, rulo (sentetik epoksi) veya uygun bir p\u00fcsk\u00fcrt\u00fcc\u00fc ile 0,1 kg\/m\u00b2 (tek kat uygulama) \u00a0sarfiyatla uygulan\u0131r.<\/p>\n<p style=\"font-weight: 400;\"><b><strong>Kar\u0131\u015f\u0131m\u0131n haz\u0131rlanmas\u0131:<\/strong><\/b>\u00a020 kg\u2019l\u0131k ISONEM JELBETON i\u00e7in 4 litre su temiz bir kar\u0131\u015f\u0131m kovas\u0131na bo\u015falt\u0131l\u0131r. Malzeme yava\u015f\u00e7a kar\u0131\u015f\u0131m kovas\u0131na ilave edilerek d\u00fc\u015f\u00fck devirli bir kar\u0131\u015ft\u0131r\u0131c\u0131 ile yakla\u015f\u0131k 3-4 dakika homojen kar\u0131\u015f\u0131m elde edilene kadar kar\u0131\u015ft\u0131r\u0131l\u0131r. Yakla\u015f\u0131k 2 dakika\u00a0dinlendirildikten sonra 30 saniye kadar tekrar kar\u0131\u015ft\u0131r\u0131larak kullan\u0131ma haz\u0131r hale getirilir.<\/p>\n<p style=\"font-weight: 400;\"><b><strong>Kar\u0131\u015f\u0131m oranlar\u0131:\u00a0<\/strong><\/b>20 kg\u2019l\u0131k Torba \u0130\u00e7in: 4 litre su<\/p>\n<p style=\"font-weight: 400;\"><b><strong>Uygulama metodu:<\/strong><\/b>\u00a0Haz\u0131rlanan har\u00e7, kendili\u011finden yay\u0131l\u0131r. Malzemenin kal\u0131nl\u0131\u011f\u0131 di\u015fli mala ile ayarlan\u0131r. Priz s\u00fcresince su ilave edilmemeli, y\u00fczeydeki hava Kirpi Rulo ile al\u0131nmal\u0131d\u0131r. Uygulama ortam\u0131nda olu\u015fabilecek ani s\u0131cakl\u0131k de\u011fi\u015fimleri engellenmelidir. G\u00fcne\u015f ve r\u00fczg\u00e2r etkilerine a\u00e7\u0131k olan alanlarda uygulama yap\u0131lmamal\u0131d\u0131r.<\/p>\n<p style=\"font-weight: 400;\"><b><strong>AMBALAJ \u015eEKL\u0130:<\/strong><\/b>\u00a020 kg Kraft Torba<\/p>\n<p style=\"font-weight: 400;\"><b><strong>RENK:<\/strong><\/b>\u00a0Sar\u0131, K\u0131rm\u0131z\u0131, Mavi, Ye\u015fil, Gri<\/p>\n<p style=\"font-weight: 400;\"><b><strong>SARF\u0130YAT:\u00a0<\/strong><\/b>2-4\u00a0 kg\/m\u00b2\u00a0(toz \u00fcr\u00fcn)<\/p>\n<p style=\"font-weight: 400;\"><b><strong>BOYANAB\u0130LEN (KAPLANAB\u0130LEN) ALAN:\u00a0<\/strong><\/b>Min 5-10 m\u00b2\/1 kraft torba\u00a0(Verilen sarfiyat de\u011ferleri yakla\u015f\u0131k de\u011ferler olup, uygulama y\u00fczeyin d\u00fczg\u00fcnl\u00fc\u011f\u00fcne ve uygulama kal\u0131nl\u0131\u011f\u0131na g\u00f6re de\u011fi\u015fiklik g\u00f6sterebilir.)<\/p>\n<p style=\"font-weight: 400;\"><b><strong>DEPOLAMA SICAKLI\u011eI (\u00b0C):\u00a0<\/strong><\/b>5 &#8211; 35 \u00b0C<\/p>\n<p style=\"font-weight: 400;\"><b><strong>RAF \u00d6MR\u00dc:\u00a0<\/strong><\/b>Orijinal, a\u00e7\u0131lmam\u0131\u015f ve hasar g\u00f6rmemi\u015f ambalajlarda depoland\u0131\u011f\u0131 takdirde \u00fcretim tarihinden itibaren 24 ay kullan\u0131ma uygundur.<\/p>\n<p style=\"font-weight: 400;\"><b><strong>DEPOLAMA KO\u015eULLARI:\u00a0<\/strong><\/b>Kuru ve serin ortamda depolay\u0131n\u0131z. Ambalaj kapaklar\u0131 s\u0131k\u0131ca kapal\u0131 olacak \u015fekilde depolay\u0131n\u0131z.<\/p>\n","protected":false},"excerpt":{"rendered":"<p>1 &#8211; 10 mm aras\u0131 kal\u0131nl\u0131kta uygulanabilen, \u00e7atlama ve b\u00fcz\u00fclmelere kar\u015f\u0131 diren\u00e7li, polimer modifiyeli, renkli, uv dayan\u0131ml\u0131, \u00e7imento esasl\u0131 renkli veya beton g\u00f6r\u00fcn\u00fcml\u00fc y\u00fczey kaplama \u00fcr\u00fcn\u00fcd\u00fcr.<\/p>\n","protected":false},"featured_media":446,"comment_status":"open","ping_status":"closed","template":"","meta":[],"product_brand":[],"product_cat":[18],"product_tag":[],"class_list":{"0":"post-97","1":"product","2":"type-product","3":"status-publish","4":"has-post-thumbnail","6":"product_cat-urunler","8":"first","9":"instock","10":"sale","11":"taxable","12":"shipping-taxable","13":"purchasable","14":"product-type-simple"},"_links":{"self":[{"href":"http:\/\/www.toptancim.com.tr\/index.php\/wp-json\/wp\/v2\/product\/97","targetHints":{"allow":["GET"]}}],"collection":[{"href":"http:\/\/www.toptancim.com.tr\/index.php\/wp-json\/wp\/v2\/product"}],"about":[{"href":"http:\/\/www.toptancim.com.tr\/index.php\/wp-json\/wp\/v2\/types\/product"}],"replies":[{"embeddable":true,"href":"http:\/\/www.toptancim.com.tr\/index.php\/wp-json\/wp\/v2\/comments?post=97"}],"wp:featuredmedia":[{"embeddable":true,"href":"http:\/\/www.toptancim.com.tr\/index.php\/wp-json\/wp\/v2\/media\/446"}],"wp:attachment":[{"href":"http:\/\/www.toptancim.com.tr\/index.php\/wp-json\/wp\/v2\/media?parent=97"}],"wp:term":[{"taxonomy":"product_brand","embeddable":true,"href":"http:\/\/www.toptancim.com.tr\/index.php\/wp-json\/wp\/v2\/product_brand?post=97"},{"taxonomy":"product_cat","embeddable":true,"href":"http:\/\/www.toptancim.com.tr\/index.php\/wp-json\/wp\/v2\/product_cat?post=97"},{"taxonomy":"product_tag","embeddable":true,"href":"http:\/\/www.toptancim.com.tr\/index.php\/wp-json\/wp\/v2\/product_tag?post=97"}],"curies":[{"name":"wp","href":"https:\/\/api.w.org\/{rel}","templated":true}]}}